{"id":14,"date":"2024-01-26T11:46:53","date_gmt":"2024-01-26T14:46:53","guid":{"rendered":"https:\/\/adaco.com.br\/?page_id=14"},"modified":"2024-01-26T16:18:46","modified_gmt":"2024-01-26T19:18:46","slug":"inicio","status":"publish","type":"page","link":"https:\/\/adaco.com.br\/","title":{"rendered":"In\u00edcio"},"content":{"rendered":"<p>[et_pb_section fb_built=&#8221;1&#8243; custom_padding_last_edited=&#8221;on|phone&#8221; _builder_version=&#8221;4.24.0&#8243; _module_preset=&#8221;default&#8221; use_background_color_gradient=&#8221;on&#8221; background_color_gradient_stops=&#8221;rgba(0,0,0,0.4) 0%|rgba(0,0,0,0.6) 100%&#8221; background_color_gradient_overlays_image=&#8221;on&#8221; background_image=&#8221;https:\/\/adaco.com.br\/wp-content\/uploads\/2024\/01\/RJ-scaled.jpg&#8221; custom_padding=&#8221;120px||120px||false|false&#8221; custom_padding_tablet=&#8221;120px||120px||false|false&#8221; custom_padding_phone=&#8221;60px||60px||false|false&#8221; global_colors_info=&#8221;{}&#8221;][et_pb_row _builder_version=&#8221;4.24.0&#8243; _module_preset=&#8221;default&#8221; max_width=&#8221;230px&#8221; custom_padding=&#8221;0px||0px||false|false&#8221; global_colors_info=&#8221;{}&#8221;][et_pb_column type=&#8221;4_4&#8243; _builder_version=&#8221;4.24.0&#8243; _module_preset=&#8221;default&#8221; border_radii=&#8221;on|24px|24px|24px|24px&#8221; global_colors_info=&#8221;{}&#8221;][et_pb_image src=&#8221;https:\/\/adaco.com.br\/wp-content\/uploads\/2024\/01\/adaco.bmp&#8221; title_text=&#8221;adaco&#8221; align=&#8221;center&#8221; _builder_version=&#8221;4.24.0&#8243; _module_preset=&#8221;default&#8221; background_color=&#8221;#FFFFFF&#8221; custom_padding=&#8221;15px|15px|15px|15px|true|true&#8221; hover_enabled=&#8221;0&#8243; global_colors_info=&#8221;{}&#8221; url=&#8221;https:\/\/adaco.com.br\/&#8221; _dynamic_attributes=&#8221;url&#8221; sticky_enabled=&#8221;0&#8243;][\/et_pb_image][\/et_pb_column][\/et_pb_row][et_pb_row _builder_version=&#8221;4.24.0&#8243; _module_preset=&#8221;default&#8221; width=&#8221;90%&#8221; max_width=&#8221;1170px&#8221; custom_padding=&#8221;30px||||false|false&#8221; global_colors_info=&#8221;{}&#8221;][et_pb_column type=&#8221;4_4&#8243; _builder_version=&#8221;4.24.0&#8243; _module_preset=&#8221;default&#8221; global_colors_info=&#8221;{}&#8221;][et_pb_text _builder_version=&#8221;4.24.0&#8243; _module_preset=&#8221;default&#8221; text_font=&#8221;Poppins|700|||||||&#8221; text_text_color=&#8221;#FFFFFF&#8221; text_font_size=&#8221;54px&#8221; text_line_height=&#8221;1.3em&#8221; text_orientation=&#8221;center&#8221; custom_margin_tablet=&#8221;&#8221; custom_margin_phone=&#8221;||15px||false|false&#8221; custom_margin_last_edited=&#8221;on|phone&#8221; text_font_size_tablet=&#8221;54px&#8221; text_font_size_phone=&#8221;28px&#8221; text_font_size_last_edited=&#8221;on|phone&#8221; global_colors_info=&#8221;{}&#8221;]<\/p>\n<p>Tradi\u00e7\u00e3o em servi\u00e7os<br \/>imobili\u00e1rios desde 1975<\/p>\n<p>[\/et_pb_text][et_pb_text _builder_version=&#8221;4.24.0&#8243; _module_preset=&#8221;default&#8221; text_font=&#8221;Poppins|300|||||||&#8221; text_text_color=&#8221;#FFFFFF&#8221; text_font_size=&#8221;16px&#8221; text_orientation=&#8221;center&#8221; max_width=&#8221;900px&#8221; max_width_tablet=&#8221;900px&#8221; max_width_phone=&#8221;100%&#8221; max_width_last_edited=&#8221;on|desktop&#8221; module_alignment=&#8221;center&#8221; custom_margin=&#8221;||20px||false|false&#8221; global_colors_info=&#8221;{}&#8221;]A Adaco oferece solu\u00e7\u00f5es imobili\u00e1rias para voc\u00ea vender, comprar ou alugar o seu im\u00f3vel, proporcionando a experi\u00eancia e a confian\u00e7a que voc\u00ea procura, aliada \u00e0 tecnologia e inova\u00e7\u00e3o permanente. Conte com a gente.[\/et_pb_text][\/et_pb_column][\/et_pb_row][et_pb_row column_structure=&#8221;1_2,1_2&#8243; _builder_version=&#8221;4.24.0&#8243; _module_preset=&#8221;default&#8221; width=&#8221;90%&#8221; max_width=&#8221;1170px&#8221; custom_padding=&#8221;0px||0px||false|false&#8221; global_colors_info=&#8221;{}&#8221;][et_pb_column type=&#8221;1_2&#8243; module_id=&#8221;coluna1&#8243; _builder_version=&#8221;4.24.0&#8243; _module_preset=&#8221;default&#8221; global_colors_info=&#8221;{}&#8221;][et_pb_text _builder_version=&#8221;4.24.0&#8243; _module_preset=&#8221;default&#8221; text_font=&#8221;Poppins|700|||||||&#8221; text_text_color=&#8221;#FFFFFF&#8221; text_font_size=&#8221;16px&#8221; text_orientation=&#8221;center&#8221; max_width=&#8221;900px&#8221; max_width_tablet=&#8221;900px&#8221; max_width_phone=&#8221;100%&#8221; max_width_last_edited=&#8221;on|desktop&#8221; module_alignment=&#8221;center&#8221; global_colors_info=&#8221;{}&#8221;]<\/p>\n<p>Clique nos links abaixo e veja nossos im\u00f3veis em oferta.<\/p>\n<p>[\/et_pb_text][et_pb_blurb title=&#8221;Zap Im\u00f3veis&#8221; image=&#8221;https:\/\/adaco.com.br\/wp-content\/uploads\/2024\/01\/unnamed.png&#8221; icon_placement=&#8221;left&#8221; image_icon_width=&#8221;40px&#8221; module_id=&#8221;botao&#8221; _builder_version=&#8221;4.24.0&#8243; _module_preset=&#8221;default&#8221; header_font=&#8221;Poppins||||||||&#8221; header_text_color=&#8221;#FFFFFF&#8221; header_line_height=&#8221;2.2em&#8221; background_color=&#8221;#ff5e00&#8243; width=&#8221;200px&#8221; width_tablet=&#8221;200px&#8221; width_phone=&#8221;205px&#8221; width_last_edited=&#8221;on|phone&#8221; module_alignment=&#8221;center&#8221; custom_margin=&#8221;0px|12px|0px||false|false&#8221; custom_padding=&#8221;8px|12px|0px|12px|false|true&#8221; link_option_url=&#8221;https:\/\/www.zapimoveis.com.br\/imobiliaria\/225161\/&#8221; link_option_url_new_window=&#8221;on&#8221; border_radii=&#8221;on|1000px|1000px|1000px|1000px&#8221; locked=&#8221;off&#8221; global_colors_info=&#8221;{}&#8221;][\/et_pb_blurb][et_pb_blurb title=&#8221;OLX Im\u00f3veis&#8221; image=&#8221;https:\/\/adaco.com.br\/wp-content\/uploads\/2024\/01\/unnamed-1.png&#8221; icon_placement=&#8221;left&#8221; image_icon_width=&#8221;40px&#8221; module_id=&#8221;botao&#8221; _builder_version=&#8221;4.24.0&#8243; _module_preset=&#8221;default&#8221; header_font=&#8221;Poppins||||||||&#8221; header_text_color=&#8221;#FFFFFF&#8221; header_line_height=&#8221;2.2em&#8221; background_color=&#8221;#6d0ad6&#8243; width=&#8221;200px&#8221; width_tablet=&#8221;200px&#8221; width_phone=&#8221;205px&#8221; width_last_edited=&#8221;on|phone&#8221; module_alignment=&#8221;center&#8221; custom_margin=&#8221;30px|12px|0px||false|false&#8221; custom_padding=&#8221;8px|12px|0px|12px|false|true&#8221; link_option_url=&#8221;https:\/\/www.olx.com.br\/perfil\/adaco-administracao-e-corretagem-ltda-9533cc29&#8243; link_option_url_new_window=&#8221;on&#8221; border_radii=&#8221;on|1000px|1000px|1000px|1000px&#8221; locked=&#8221;off&#8221; global_colors_info=&#8221;{}&#8221;][\/et_pb_blurb][\/et_pb_column][et_pb_column type=&#8221;1_2&#8243; _builder_version=&#8221;4.24.0&#8243; _module_preset=&#8221;default&#8221; global_colors_info=&#8221;{}&#8221;][et_pb_text _builder_version=&#8221;4.24.0&#8243; _module_preset=&#8221;default&#8221; text_font=&#8221;Poppins|700|||||||&#8221; text_text_color=&#8221;#FFFFFF&#8221; text_font_size=&#8221;16px&#8221; text_orientation=&#8221;center&#8221; max_width=&#8221;900px&#8221; max_width_tablet=&#8221;900px&#8221; max_width_phone=&#8221;100%&#8221; max_width_last_edited=&#8221;on|desktop&#8221; module_alignment=&#8221;center&#8221; global_colors_info=&#8221;{}&#8221;]<\/p>\n<p>Clique no link abaixo e fa\u00e7a sua proposta de loca\u00e7\u00e3o.<\/p>\n<p>[\/et_pb_text][et_pb_blurb title=&#8221;Proposta de loca\u00e7\u00e3o&#8221; image=&#8221;https:\/\/adaco.com.br\/wp-content\/uploads\/2024\/01\/PDF_file_icon.svg_.png&#8221; icon_placement=&#8221;left&#8221; image_icon_width=&#8221;20px&#8221; _builder_version=&#8221;4.24.0&#8243; _module_preset=&#8221;default&#8221; header_font=&#8221;Poppins||||||||&#8221; header_text_color=&#8221;#2c2c2c&#8221; header_line_height=&#8221;2.2em&#8221; background_color=&#8221;#f5f5f5&#8243; image_icon_custom_margin=&#8221;7px|||12px|false|false&#8221; width=&#8221;280px&#8221; width_tablet=&#8221;200px&#8221; width_phone=&#8221;270px&#8221; width_last_edited=&#8221;on|phone&#8221; module_alignment=&#8221;center&#8221; custom_margin=&#8221;0px|12px|0px||false|false&#8221; custom_padding=&#8221;8px|12px|0px|12px|false|true&#8221; link_option_url=&#8221;https:\/\/adaco.com.br\/wp-content\/uploads\/2024\/01\/001-FICHA-DE-PROPOSTA-DE-LOCACAO-LOCATARIO-E-FIADOR-versao-5.pdf&#8221; link_option_url_new_window=&#8221;on&#8221; border_radii=&#8221;on|1000px|1000px|1000px|1000px&#8221; locked=&#8221;off&#8221; global_colors_info=&#8221;{}&#8221;][\/et_pb_blurb][\/et_pb_column][\/et_pb_row][\/et_pb_section][et_pb_section fb_built=&#8221;1&#8243; module_id=&#8221;servicos&#8221; _builder_version=&#8221;4.24.0&#8243; _module_preset=&#8221;default&#8221; global_colors_info=&#8221;{}&#8221;][et_pb_row custom_padding_last_edited=&#8221;on|phone&#8221; _builder_version=&#8221;4.24.0&#8243; _module_preset=&#8221;default&#8221; width=&#8221;90%&#8221; max_width=&#8221;1170px&#8221; custom_padding_tablet=&#8221;&#8221; custom_padding_phone=&#8221;0px||||false|false&#8221; global_colors_info=&#8221;{}&#8221;][et_pb_column type=&#8221;4_4&#8243; _builder_version=&#8221;4.24.0&#8243; _module_preset=&#8221;default&#8221; global_colors_info=&#8221;{}&#8221;][et_pb_text _builder_version=&#8221;4.24.0&#8243; _module_preset=&#8221;default&#8221; text_font=&#8221;Poppins|700|||||||&#8221; text_text_color=&#8221;#000000&#8243; text_font_size=&#8221;54px&#8221; text_line_height=&#8221;1.3em&#8221; text_orientation=&#8221;center&#8221; text_font_size_tablet=&#8221;54px&#8221; text_font_size_phone=&#8221;28px&#8221; text_font_size_last_edited=&#8221;on|phone&#8221; locked=&#8221;off&#8221; global_colors_info=&#8221;{}&#8221;]<\/p>\n<p>Nossos servi\u00e7os<\/p>\n<p>[\/et_pb_text][\/et_pb_column][\/et_pb_row][et_pb_row column_structure=&#8221;1_3,1_3,1_3&#8243; custom_padding_last_edited=&#8221;on|phone&#8221; _builder_version=&#8221;4.24.0&#8243; _module_preset=&#8221;default&#8221; width=&#8221;90%&#8221; max_width=&#8221;1170px&#8221; custom_padding_tablet=&#8221;&#8221; custom_padding_phone=&#8221;&#8221; global_colors_info=&#8221;{}&#8221;][et_pb_column type=&#8221;1_3&#8243; _builder_version=&#8221;4.24.0&#8243; _module_preset=&#8221;default&#8221; global_colors_info=&#8221;{}&#8221;][et_pb_icon font_icon=&#8221;&#xf1ad;||fa||900&#8243; icon_color=&#8221;#0e9ae7&#8243; icon_width=&#8221;75px&#8221; _builder_version=&#8221;4.24.0&#8243; _module_preset=&#8221;default&#8221; custom_margin=&#8221;||25px||false|false&#8221; global_colors_info=&#8221;{}&#8221;][\/et_pb_icon][et_pb_text _builder_version=&#8221;4.24.0&#8243; _module_preset=&#8221;default&#8221; text_font=&#8221;Poppins|700|||||||&#8221; text_text_color=&#8221;#000000&#8243; text_font_size=&#8221;18px&#8221; text_orientation=&#8221;center&#8221; custom_margin=&#8221;||15px||false|false&#8221; global_colors_info=&#8221;{}&#8221;]<\/p>\n<p>Loca\u00e7\u00e3o de im\u00f3veis<\/p>\n<p>[\/et_pb_text][et_pb_text _builder_version=&#8221;4.24.0&#8243; _module_preset=&#8221;default&#8221; text_font=&#8221;Poppins||||||||&#8221; text_text_color=&#8221;#000000&#8243; text_orientation=&#8221;center&#8221; global_colors_info=&#8221;{}&#8221;]<\/p>\n<p>Com ampla experi\u00eancia e conhecimento das leis e rotinas administrativas que envolvem o aluguel de im\u00f3veis, a Adaco est\u00e1 apta a prestar-lhe os servi\u00e7os de loca\u00e7\u00e3o com as condi\u00e7\u00f5es e a qualidade que voc\u00ea procura. A Adaco n\u00e3o exige exclusividade ao cliente na presta\u00e7\u00e3o de servi\u00e7os inerentes e necess\u00e1rios \u00e0 loca\u00e7\u00e3o do seu im\u00f3vel, o qual poder\u00e1 contrat\u00e1-la para executar apenas os servi\u00e7os que necessitar.<\/p>\n<p>[\/et_pb_text][\/et_pb_column][et_pb_column type=&#8221;1_3&#8243; _builder_version=&#8221;4.24.0&#8243; _module_preset=&#8221;default&#8221; global_colors_info=&#8221;{}&#8221;][et_pb_icon font_icon=&#8221;&#xf24e;||fa||900&#8243; icon_color=&#8221;#0e9ae7&#8243; icon_width=&#8221;75px&#8221; _builder_version=&#8221;4.24.0&#8243; _module_preset=&#8221;default&#8221; custom_margin=&#8221;||25px||false|false&#8221; global_colors_info=&#8221;{}&#8221;][\/et_pb_icon][et_pb_text _builder_version=&#8221;4.24.0&#8243; _module_preset=&#8221;default&#8221; text_font=&#8221;Poppins|700|||||||&#8221; text_text_color=&#8221;#000000&#8243; text_font_size=&#8221;18px&#8221; text_orientation=&#8221;center&#8221; custom_margin=&#8221;||15px||false|false&#8221; global_colors_info=&#8221;{}&#8221;]Jur\u00eddico[\/et_pb_text][et_pb_text _builder_version=&#8221;4.24.0&#8243; _module_preset=&#8221;default&#8221; text_font=&#8221;Poppins||||||||&#8221; text_text_color=&#8221;#000000&#8243; text_orientation=&#8221;center&#8221; global_colors_info=&#8221;{}&#8221;]<\/p>\n<p>As opera\u00e7\u00f5es da Adaco contam com assessoria de advogados aptos a prestar-lhe os servi\u00e7os jur\u00eddicos que voc\u00ea necessita, sendo especialistas em Direito Imobili\u00e1rio, Direito de Fam\u00edlia e das Sucess\u00f5es, Direito do Consumidor, Responsabilidade Civil e outros.<\/p>\n<p>[\/et_pb_text][\/et_pb_column][et_pb_column type=&#8221;1_3&#8243; _builder_version=&#8221;4.24.0&#8243; _module_preset=&#8221;default&#8221; global_colors_info=&#8221;{}&#8221;][et_pb_icon font_icon=&#8221;&#xf4c4;||fa||900&#8243; icon_color=&#8221;#0e9ae7&#8243; icon_width=&#8221;75px&#8221; _builder_version=&#8221;4.24.0&#8243; _module_preset=&#8221;default&#8221; custom_margin=&#8221;||25px||false|false&#8221; global_colors_info=&#8221;{}&#8221;][\/et_pb_icon][et_pb_text _builder_version=&#8221;4.24.0&#8243; _module_preset=&#8221;default&#8221; text_font=&#8221;Poppins|700|||||||&#8221; text_text_color=&#8221;#000000&#8243; text_font_size=&#8221;18px&#8221; text_orientation=&#8221;center&#8221; custom_margin=&#8221;||15px||false|false&#8221; global_colors_info=&#8221;{}&#8221;]<\/p>\n<p>Corretagem de im\u00f3veis<\/p>\n<p>[\/et_pb_text][et_pb_text _builder_version=&#8221;4.24.0&#8243; _module_preset=&#8221;default&#8221; text_font=&#8221;Poppins||||||||&#8221; text_text_color=&#8221;#000000&#8243; text_orientation=&#8221;center&#8221; global_colors_info=&#8221;{}&#8221;]<\/p>\n<p>A Adaco est\u00e1 capacitada a vender o seu im\u00f3vel rapidamente, proporcionando-lhe a seguran\u00e7a e tranquilidade que voc\u00ea procura e que s\u00f3 uma empresa com solidez e seriedade pode lhe oferecer. A Adaco divulga o seu im\u00f3vel atrav\u00e9s de placas, faixas e an\u00fancios na internet, e acompanha os interessados em visita ao local. Al\u00e9m do mais, e se voc\u00ea precisar, a Adaco trata de toda a documenta\u00e7\u00e3o do im\u00f3vel.<\/p>\n<p>[\/et_pb_text][\/et_pb_column][\/et_pb_row][\/et_pb_section][et_pb_section fb_built=&#8221;1&#8243; custom_padding_last_edited=&#8221;on|desktop&#8221; module_id=&#8221;sobre&#8221; _builder_version=&#8221;4.24.0&#8243; custom_padding=&#8221;0px||90px||false|false&#8221; custom_padding_tablet=&#8221;&#8221; custom_padding_phone=&#8221;||60px||false|false&#8221; hover_enabled=&#8221;0&#8243; global_colors_info=&#8221;{}&#8221; sticky_enabled=&#8221;0&#8243;][et_pb_row column_structure=&#8221;1_2,1_2&#8243; use_custom_gutter=&#8221;on&#8221; gutter_width=&#8221;2&#8243; make_equal=&#8221;on&#8221; custom_padding_last_edited=&#8221;on|desktop&#8221; _builder_version=&#8221;4.24.0&#8243; width=&#8221;90%&#8221; width_tablet=&#8221;90%&#8221; width_phone=&#8221;90%&#8221; width_last_edited=&#8221;on|tablet&#8221; max_width=&#8221;1170px&#8221; max_width_tablet=&#8221;90%&#8221; max_width_phone=&#8221;90%&#8221; max_width_last_edited=&#8221;on|tablet&#8221; custom_padding=&#8221;||30px||false|false&#8221; custom_padding_tablet=&#8221;&#8221; custom_padding_phone=&#8221;0px||0px||false|false&#8221; global_colors_info=&#8221;{}&#8221;][et_pb_column type=&#8221;1_2&#8243; _builder_version=&#8221;4.24.0&#8243; background_image=&#8221;https:\/\/adaco.com.br\/wp-content\/uploads\/2024\/01\/imob1.webp&#8221; box_shadow_style=&#8221;preset1&#8243; box_shadow_vertical=&#8221;38px&#8221; box_shadow_blur=&#8221;64px&#8221; box_shadow_color=&#8221;rgba(102,102,102,0.3)&#8221; global_colors_info=&#8221;{}&#8221;][et_pb_divider show_divider=&#8221;off&#8221; disabled_on=&#8221;off|off|on&#8221; _builder_version=&#8221;4.24.0&#8243; custom_padding=&#8221;30%||30%||true|false&#8221; global_colors_info=&#8221;{}&#8221;][\/et_pb_divider][\/et_pb_column][et_pb_column type=&#8221;1_2&#8243; _builder_version=&#8221;4.24.0&#8243; custom_padding=&#8221;|||70px|true|false&#8221; custom_padding_tablet=&#8221;&#8221; custom_padding_phone=&#8221;40px||0px|0px|false|false&#8221; custom_padding_last_edited=&#8221;on|desktop&#8221; global_colors_info=&#8221;{}&#8221;][et_pb_text _builder_version=&#8221;4.24.0&#8243; _module_preset=&#8221;default&#8221; text_font=&#8221;Poppins|700|||||||&#8221; text_text_color=&#8221;#000000&#8243; text_font_size=&#8221;54px&#8221; text_line_height=&#8221;1.3em&#8221; text_orientation=&#8221;center&#8221; text_font_size_tablet=&#8221;54px&#8221; text_font_size_phone=&#8221;28px&#8221; text_font_size_last_edited=&#8221;on|phone&#8221; locked=&#8221;off&#8221; global_colors_info=&#8221;{}&#8221;]<\/p>\n<p>Quem somos<\/p>\n<p>[\/et_pb_text][et_pb_divider color=&#8221;#1747ba&#8221; divider_weight=&#8221;4px&#8221; _builder_version=&#8221;4.24.0&#8243; max_width=&#8221;70px&#8221; module_alignment=&#8221;center&#8221; global_colors_info=&#8221;{}&#8221;][\/et_pb_divider][et_pb_text _builder_version=&#8221;4.24.0&#8243; text_font=&#8221;Poppins||||||||&#8221; text_text_color=&#8221;#5f6060&#8243; text_font_size=&#8221;16px&#8221; text_line_height=&#8221;1.8em&#8221; custom_margin=&#8221;||||false|false&#8221; custom_margin_tablet=&#8221;-12px||||false|false&#8221; custom_margin_phone=&#8221;-12px||||false|false&#8221; custom_margin_last_edited=&#8221;on|tablet&#8221; custom_padding=&#8221;||0px||false|false&#8221; hover_enabled=&#8221;0&#8243; global_colors_info=&#8221;{}&#8221; sticky_enabled=&#8221;0&#8243;]<\/p>\n<p>A hist\u00f3ria da Adaco remonta ao ano de 1961, quando tr\u00eas jovens atuavam em conjunto nas \u00e1reas de advocacia, corretagem imobili\u00e1ria e contabilidade. Movidos pela tenacidade t\u00e3o peculiar \u00e0s suas idades, ainda conquistavam seus primeiros clientes que, satisfeitos com os seus servi\u00e7os, propuseram-lhes a administra\u00e7\u00e3o de seus bens, quando ent\u00e3o fundaram a empresa em 07 de abril de 1975. Empresa familiar, a Adaco, desde ent\u00e3o, \u00e9 reconhecida no mercado pela sua idoneidade e como uma alternativa de confian\u00e7a para quem procura orienta\u00e7\u00e3o segura e servi\u00e7os especilizados na \u00e1rea imobili\u00e1ria.<\/p>\n<p>[\/et_pb_text][\/et_pb_column][\/et_pb_row][\/et_pb_section][et_pb_section fb_built=&#8221;1&#8243; module_id=&#8221;contato&#8221; _builder_version=&#8221;4.24.0&#8243; _module_preset=&#8221;default&#8221; background_color=&#8221;#d1edff&#8221; hover_enabled=&#8221;0&#8243; locked=&#8221;off&#8221; global_colors_info=&#8221;{}&#8221; sticky_enabled=&#8221;0&#8243; custom_padding=&#8221;60px||60px||false|false&#8221; custom_padding_last_edited=&#8221;on|desktop&#8221; custom_padding_tablet=&#8221;60px||60px||false|false&#8221; custom_padding_phone=&#8221;60px||60px||false|false&#8221;][et_pb_row custom_padding_last_edited=&#8221;on|phone&#8221; _builder_version=&#8221;4.24.0&#8243; _module_preset=&#8221;default&#8221; width=&#8221;90%&#8221; max_width=&#8221;1170px&#8221; custom_padding_tablet=&#8221;&#8221; custom_padding_phone=&#8221;0px||0px||false|false&#8221; hover_enabled=&#8221;0&#8243; global_colors_info=&#8221;{}&#8221; sticky_enabled=&#8221;0&#8243;][et_pb_column type=&#8221;4_4&#8243; _builder_version=&#8221;4.24.0&#8243; _module_preset=&#8221;default&#8221; global_colors_info=&#8221;{}&#8221;][et_pb_text _builder_version=&#8221;4.24.0&#8243; _module_preset=&#8221;default&#8221; text_font=&#8221;Poppins||||||||&#8221; text_text_color=&#8221;#000000&#8243; text_font_size=&#8221;16px&#8221; text_orientation=&#8221;center&#8221; max_width=&#8221;600px&#8221; max_width_tablet=&#8221;600px&#8221; max_width_phone=&#8221;100%&#8221; max_width_last_edited=&#8221;on|phone&#8221; module_alignment=&#8221;center&#8221; global_colors_info=&#8221;{}&#8221;]<\/p>\n<p>Nossa opera\u00e7\u00e3o \u00e9 toda eletr\u00f4nica, e usamos a tecnologia para tornar a sua experi\u00eancia mais \u00e1gil, simples e agrad\u00e1vel.<\/p>\n<p>Para nos contatar, use os canais abaixo:<\/p>\n<p>WhatsApp: (21) 98529-1485<br \/>Telefone: (21) 2533-4144<br \/>E-mail: adaco@adaco.com.br<\/p>\n<p>Caso voc\u00ea precise de atendimento presencial, enviaremos nosso representante em sua resid\u00eancia ou escrit\u00f3rio.<\/p>\n<p>[\/et_pb_text][\/et_pb_column][\/et_pb_row][\/et_pb_section][et_pb_section fb_built=&#8221;1&#8243; _builder_version=&#8221;4.24.0&#8243; _module_preset=&#8221;default&#8221; background_color=&#8221;#118bcc&#8221; custom_padding=&#8221;35px||35px||true|false&#8221; locked=&#8221;off&#8221; global_colors_info=&#8221;{}&#8221;][et_pb_row _builder_version=&#8221;4.24.0&#8243; _module_preset=&#8221;default&#8221; width=&#8221;90%&#8221; max_width=&#8221;1170px&#8221; custom_padding=&#8221;0px||0px||false|false&#8221; global_colors_info=&#8221;{}&#8221;][et_pb_column type=&#8221;4_4&#8243; _builder_version=&#8221;4.24.0&#8243; _module_preset=&#8221;default&#8221; global_colors_info=&#8221;{}&#8221;][et_pb_text _builder_version=&#8221;4.24.0&#8243; _module_preset=&#8221;default&#8221; text_font=&#8221;Poppins||||||||&#8221; text_text_color=&#8221;#FFFFFF&#8221; text_font_size=&#8221;16px&#8221; text_line_height=&#8221;1.6em&#8221; text_orientation=&#8221;center&#8221; global_colors_info=&#8221;{}&#8221;]<\/p>\n<p>Adaco Administra\u00e7\u00e3o e Corretagem Ltda<br \/>CRECI-RJ: J1547<br \/>CNPJ: 42.424.986\/0001-77<\/p>\n<p>[\/et_pb_text][\/et_pb_column][\/et_pb_row][\/et_pb_section]<\/p>\n","protected":false},"excerpt":{"rendered":"<p>Tradi\u00e7\u00e3o em servi\u00e7osimobili\u00e1rios desde 1975A Adaco oferece solu\u00e7\u00f5es imobili\u00e1rias para voc\u00ea vender, comprar ou alugar o seu im\u00f3vel, proporcionando a experi\u00eancia e a confian\u00e7a que voc\u00ea procura, aliada \u00e0 tecnologia e inova\u00e7\u00e3o permanente. Conte com a gente.Clique nos links abaixo e veja nossos im\u00f3veis em oferta.Clique no link abaixo e fa\u00e7a sua proposta de loca\u00e7\u00e3o.Nossos [&hellip;]<\/p>\n","protected":false},"author":1,"featured_media":0,"parent":0,"menu_order":0,"comment_status":"closed","ping_status":"closed","template":"","meta":{"_et_pb_use_builder":"on","_et_pb_old_content":"","_et_gb_content_width":"","om_disable_all_campaigns":false,"footnotes":""},"class_list":["post-14","page","type-page","status-publish","hentry"],"aioseo_notices":[],"_links":{"self":[{"href":"https:\/\/adaco.com.br\/index.php?rest_route=\/wp\/v2\/pages\/14","targetHints":{"allow":["GET"]}}],"collection":[{"href":"https:\/\/adaco.com.br\/index.php?rest_route=\/wp\/v2\/pages"}],"about":[{"href":"https:\/\/adaco.com.br\/index.php?rest_route=\/wp\/v2\/types\/page"}],"author":[{"embeddable":true,"href":"https:\/\/adaco.com.br\/index.php?rest_route=\/wp\/v2\/users\/1"}],"replies":[{"embeddable":true,"href":"https:\/\/adaco.com.br\/index.php?rest_route=%2Fwp%2Fv2%2Fcomments&post=14"}],"version-history":[{"count":43,"href":"https:\/\/adaco.com.br\/index.php?rest_route=\/wp\/v2\/pages\/14\/revisions"}],"predecessor-version":[{"id":161,"href":"https:\/\/adaco.com.br\/index.php?rest_route=\/wp\/v2\/pages\/14\/revisions\/161"}],"wp:attachment":[{"href":"https:\/\/adaco.com.br\/index.php?rest_route=%2Fwp%2Fv2%2Fmedia&parent=14"}],"curies":[{"name":"wp","href":"https:\/\/api.w.org\/{rel}","templated":true}]}}